{"id":4,"date":"2011-02-23T21:15:49","date_gmt":"2011-02-24T03:15:49","guid":{"rendered":"http:\/\/discoursescience.info\/?page_id=4"},"modified":"2020-01-08T13:02:15","modified_gmt":"2020-01-08T19:02:15","slug":"inicio","status":"publish","type":"page","link":"https:\/\/www.discurso.info\/es\/","title":{"rendered":"Inicio"},"content":{"rendered":"<p><\/p>\n<blockquote><p>\u201cCuatro d\u00e9cadas despu\u00e9s de la lecci\u00f3n de Foucault acerca del orden del discurso y de la ponencia de Widdowson sobre la distinci\u00f3n entre texto y discurso, es tiempo de revisar y articular los diversos supuestos ontol\u00f3gicos, epistemol\u00f3gicos, te\u00f3ricos y metodol\u00f3gicos que han guiado el estudio del discurso, es momento de buscar un cuerpo coherente de conocimientos.\u201d<\/p><\/blockquote>\n<p style=\"text-align: center;\"><a title=\"Presentaci\u00f3n\" href=\"http:\/\/www.discurso.info\/presentacion\/\">\u00a4\u00a0Presentaci\u00f3n<\/a> <a title=\"Ideas principales\" href=\"http:\/\/www.discurso.info\/ideas-principales\/\">\u00a4\u00a0Ideas principales<\/a> <a title=\"Mapa tem\u00e1tico\" href=\"http:\/\/www.discurso.info\/mapa-tematico\/\">\u00a4\u00a0Mapa tem\u00e1tico<\/a><\/p>\n<p style=\"text-align: center;\"><a title=\"Cursos\" href=\"http:\/\/www.discurso.info\/programas-de-cursos\/\">\u00a4\u00a0Cursos<\/a><\/p>\n<p style=\"text-align: center;\"><a href=\"http:\/\/www.discurso.info\/blog\">\u00a4\u00a0Blog<\/a>\u00a0<a title=\"An\u00e1lisis Breves\" href=\"http:\/\/www.discurso.info\/category\/analisis-breves\/?lang=es\">\u00a4 An\u00e1lisis breves<\/a> <a title=\"Glosario\" href=\"http:\/\/www.discurso.info\/glosario\/\">\u00a4\u00a0Glosario<\/a> <a title=\"Bibiliograf\u00edas\" href=\"http:\/\/www.discurso.info\/bibiliografias\/\">\u00a4\u00a0Bibliograf\u00edas<\/a><\/p>\n<p style=\"text-align: center;\"><a title=\"Fernando Casta\u00f1os\" href=\"http:\/\/www.discurso.info\/fernando-castanos\/\">\u00a4\u00a0Fernando Casta\u00f1os<\/a><\/p>\n<p><\/p>","protected":false},"excerpt":{"rendered":"<p>\u201cCuatro d\u00e9cadas despu\u00e9s de la lecci\u00f3n de Foucault acerca del orden del discurso y de la ponencia de Widdowson sobre la distinci\u00f3n entre texto y discurso, es tiempo de revisar y articular los diversos supuestos ontol\u00f3gicos, epistemol\u00f3gicos, te\u00f3ricos y metodol\u00f3gicos que han guiado el estudio del discurso, es momento de buscar un cuerpo coherente de [&hellip;]<\/p>\n","protected":false},"author":2,"featured_media":0,"parent":0,"menu_order":0,"comment_status":"open","ping_status":"closed","template":"","meta":{"footnotes":""},"_links":{"self":[{"href":"https:\/\/www.discurso.info\/es\/wp-json\/wp\/v2\/pages\/4"}],"collection":[{"href":"https:\/\/www.discurso.info\/es\/wp-json\/wp\/v2\/pages"}],"about":[{"href":"https:\/\/www.discurso.info\/es\/wp-json\/wp\/v2\/types\/page"}],"author":[{"embeddable":true,"href":"https:\/\/www.discurso.info\/es\/wp-json\/wp\/v2\/users\/2"}],"replies":[{"embeddable":true,"href":"https:\/\/www.discurso.info\/es\/wp-json\/wp\/v2\/comments?post=4"}],"version-history":[{"count":3,"href":"https:\/\/www.discurso.info\/es\/wp-json\/wp\/v2\/pages\/4\/revisions"}],"predecessor-version":[{"id":954,"href":"https:\/\/www.discurso.info\/es\/wp-json\/wp\/v2\/pages\/4\/revisions\/954"}],"wp:attachment":[{"href":"https:\/\/www.discurso.info\/es\/wp-json\/wp\/v2\/media?parent=4"}],"curies":[{"name":"wp","href":"https:\/\/api.w.org\/{rel}","templated":true}]}}